{"id":357,"date":"2023-03-22T06:33:32","date_gmt":"2023-03-22T05:33:32","guid":{"rendered":"http:\/\/psypraxis.org\/mag-dr-daniela-renn\/"},"modified":"2023-08-01T18:12:11","modified_gmt":"2023-08-01T16:12:11","slug":"mag-dr-daniela-renn","status":"publish","type":"page","link":"https:\/\/psypraxis.org\/en\/mag-dr-daniela-renn\/","title":{"rendered":"Mag.Dr. Daniela Renn"},"content":{"rendered":"<section class=\"wpb-content-wrapper\"><p>[vc_row gap=&#8221;0&#8243; el_class=&#8221;headerimage&#8221;][vc_column]<div class=\"templatera_shortcode\"><section class=\"vc_row wpb_row vc_row-fluid headerimage liquid-row-shadowbox-69eda110605fc vc_column-gap-0\"><div class=\"ld-container container\"><div class=\"row ld-row\"><div class=\"wpb_column vc_column_container vc_col-sm-12 liquid-column-69eda11066e6b\"><div class=\"vc_column-inner\"><div class=\"wpb_wrapper \"   ><div class=\"wpb_wrapper-inner\"><div style=\"visibility: hidden;\" id=\"carousel-anything-1\" class=\"gambit-carousel-anything carousel-anything-container owl-ca-carousel  ca-equal-height\" data-slide-anim=\"\" data-rtl=\"false\" data-items=\"1\"data-totalitems=\"6\" data-scroll_per_page=\"\" data-autoplay=\"5000\"data-items-tablet=\"1\" data-items-mobile=\"1\" data-stop-on-hover=\"\" data-speed-scroll=\"800\" data-speed-rewind=\"1000\"data-thumbnails=\"none\" data-navigation=\"false\" data-touchdrag=\"false\" data-keyboard=\"false\" data-alignment=\"50\"data-start=\"0\"><div class=\"vc_row wpb_row vc_inner vc_row-fluid liquid-row-shadowbox-69eda11067af8\"><div class=\"wpb_column vc_column_container vc_col-sm-12 liquid-column-69eda1106e778\"><div class=\"vc_column-inner\"><div class=\"wpb_wrapper \"  ><div class=\"wpb_wrapper-inner\">\n\t<div  class=\"wpb_single_image wpb_content_element vc_align_center  liquid_vc_single_image-69eda1108050a\">\n\t\t\n\t\t<figure class=\"wpb_wrapper vc_figure\">\n\t\t\t<div class=\"vc_single_image-wrapper   vc_box_border_grey\"><img fetchpriority=\"high\" decoding=\"async\" width=\"1766\" height=\"675\" src=\"data:image\/svg+xml;charset=utf-8,&lt;svg xmlns%3D&#039;http%3A%2F%2Fwww.w3.org%2F2000%2Fsvg&#039; viewBox%3D&#039;0 0 1766 675&#039;%2F&gt;\" class=\"vc_single_image-img attachment-full ld-lazyload\" alt=\"\" title=\"header-neu5\" srcset=\"\" sizes=\"(max-width: 1766px) 100vw, 1766px\" loading=\"eager\" data-src=\"https:\/\/psypraxis.org\/wp-content\/uploads\/2023\/05\/header-neu5.jpg\" data-srcset=\"https:\/\/psypraxis.org\/wp-content\/uploads\/2023\/05\/header-neu5.jpg 1766w, https:\/\/psypraxis.org\/wp-content\/uploads\/2023\/05\/header-neu5-300x115.jpg 300w, https:\/\/psypraxis.org\/wp-content\/uploads\/2023\/05\/header-neu5-1024x391.jpg 1024w\" data-aspect=\"2.6162962962963\" \/><\/div>\n\t\t<\/figure>\n\t<\/div>\n<\/div><\/div><\/div><\/div><\/div><div class=\"vc_row wpb_row vc_inner vc_row-fluid liquid-row-shadowbox-69eda1108070b\"><div class=\"wpb_column vc_column_container vc_col-sm-12 liquid-column-69eda110808b3\"><div class=\"vc_column-inner\"><div class=\"wpb_wrapper \"  ><div class=\"wpb_wrapper-inner\">\n\t<div  class=\"wpb_single_image wpb_content_element vc_align_center  liquid_vc_single_image-69eda110912a5\">\n\t\t\n\t\t<figure class=\"wpb_wrapper vc_figure\">\n\t\t\t<div class=\"vc_single_image-wrapper   vc_box_border_grey\"><img decoding=\"async\" width=\"1766\" height=\"675\" src=\"data:image\/svg+xml;charset=utf-8,&lt;svg xmlns%3D&#039;http%3A%2F%2Fwww.w3.org%2F2000%2Fsvg&#039; viewBox%3D&#039;0 0 1766 675&#039;%2F&gt;\" class=\"vc_single_image-img attachment-full ld-lazyload\" alt=\"\" title=\"header-neu1\" srcset=\"\" sizes=\"(max-width: 1766px) 100vw, 1766px\" loading=\"eager\" data-src=\"https:\/\/psypraxis.org\/wp-content\/uploads\/2023\/05\/header-neu1.jpg\" data-srcset=\"https:\/\/psypraxis.org\/wp-content\/uploads\/2023\/05\/header-neu1.jpg 1766w, https:\/\/psypraxis.org\/wp-content\/uploads\/2023\/05\/header-neu1-300x115.jpg 300w, https:\/\/psypraxis.org\/wp-content\/uploads\/2023\/05\/header-neu1-1024x391.jpg 1024w\" data-aspect=\"2.6162962962963\" \/><\/div>\n\t\t<\/figure>\n\t<\/div>\n<\/div><\/div><\/div><\/div><\/div><div class=\"vc_row wpb_row vc_inner vc_row-fluid liquid-row-shadowbox-69eda1109145b\"><div class=\"wpb_column vc_column_container vc_col-sm-12 liquid-column-69eda110915dd\"><div class=\"vc_column-inner\"><div class=\"wpb_wrapper \"  ><div class=\"wpb_wrapper-inner\">\n\t<div  class=\"wpb_single_image wpb_content_element vc_align_center  liquid_vc_single_image-69eda110a0656\">\n\t\t\n\t\t<figure class=\"wpb_wrapper vc_figure\">\n\t\t\t<div class=\"vc_single_image-wrapper   vc_box_border_grey\"><img decoding=\"async\" width=\"1766\" height=\"675\" src=\"data:image\/svg+xml;charset=utf-8,&lt;svg xmlns%3D&#039;http%3A%2F%2Fwww.w3.org%2F2000%2Fsvg&#039; viewBox%3D&#039;0 0 1766 675&#039;%2F&gt;\" class=\"vc_single_image-img attachment-full ld-lazyload\" alt=\"\" title=\"header-neu3\" srcset=\"\" sizes=\"(max-width: 1766px) 100vw, 1766px\" loading=\"eager\" data-src=\"https:\/\/psypraxis.org\/wp-content\/uploads\/2023\/05\/header-neu3.jpg\" data-srcset=\"https:\/\/psypraxis.org\/wp-content\/uploads\/2023\/05\/header-neu3.jpg 1766w, https:\/\/psypraxis.org\/wp-content\/uploads\/2023\/05\/header-neu3-300x115.jpg 300w, https:\/\/psypraxis.org\/wp-content\/uploads\/2023\/05\/header-neu3-1024x391.jpg 1024w\" data-aspect=\"2.6162962962963\" \/><\/div>\n\t\t<\/figure>\n\t<\/div>\n<\/div><\/div><\/div><\/div><\/div><div class=\"vc_row wpb_row vc_inner vc_row-fluid liquid-row-shadowbox-69eda110a08aa\"><div class=\"wpb_column vc_column_container vc_col-sm-12 liquid-column-69eda110a0a86\"><div class=\"vc_column-inner\"><div class=\"wpb_wrapper \"  ><div class=\"wpb_wrapper-inner\">\n\t<div  class=\"wpb_single_image wpb_content_element vc_align_center  liquid_vc_single_image-69eda110b0e28\">\n\t\t\n\t\t<figure class=\"wpb_wrapper vc_figure\">\n\t\t\t<div class=\"vc_single_image-wrapper   vc_box_border_grey\"><img decoding=\"async\" width=\"1766\" height=\"675\" src=\"data:image\/svg+xml;charset=utf-8,&lt;svg xmlns%3D&#039;http%3A%2F%2Fwww.w3.org%2F2000%2Fsvg&#039; viewBox%3D&#039;0 0 1766 675&#039;%2F&gt;\" class=\"vc_single_image-img attachment-full ld-lazyload\" alt=\"\" title=\"header-neu2\" srcset=\"\" sizes=\"(max-width: 1766px) 100vw, 1766px\" loading=\"eager\" data-src=\"https:\/\/psypraxis.org\/wp-content\/uploads\/2023\/05\/header-neu2.jpg\" data-srcset=\"https:\/\/psypraxis.org\/wp-content\/uploads\/2023\/05\/header-neu2.jpg 1766w, https:\/\/psypraxis.org\/wp-content\/uploads\/2023\/05\/header-neu2-300x115.jpg 300w, https:\/\/psypraxis.org\/wp-content\/uploads\/2023\/05\/header-neu2-1024x391.jpg 1024w\" data-aspect=\"2.6162962962963\" \/><\/div>\n\t\t<\/figure>\n\t<\/div>\n<\/div><\/div><\/div><\/div><\/div><div class=\"vc_row wpb_row vc_inner vc_row-fluid liquid-row-shadowbox-69eda110b0feb\"><div class=\"wpb_column vc_column_container vc_col-sm-12 liquid-column-69eda110b11de\"><div class=\"vc_column-inner\"><div class=\"wpb_wrapper \"  ><div class=\"wpb_wrapper-inner\">\n\t<div  class=\"wpb_single_image wpb_content_element vc_align_center  liquid_vc_single_image-69eda110c233a\">\n\t\t\n\t\t<figure class=\"wpb_wrapper vc_figure\">\n\t\t\t<div class=\"vc_single_image-wrapper   vc_box_border_grey\"><img decoding=\"async\" width=\"1766\" height=\"675\" src=\"data:image\/svg+xml;charset=utf-8,&lt;svg xmlns%3D&#039;http%3A%2F%2Fwww.w3.org%2F2000%2Fsvg&#039; viewBox%3D&#039;0 0 1766 675&#039;%2F&gt;\" class=\"vc_single_image-img attachment-full ld-lazyload\" alt=\"\" title=\"header-neu4\" srcset=\"\" sizes=\"(max-width: 1766px) 100vw, 1766px\" loading=\"eager\" data-src=\"https:\/\/psypraxis.org\/wp-content\/uploads\/2023\/05\/header-neu4.jpg\" data-srcset=\"https:\/\/psypraxis.org\/wp-content\/uploads\/2023\/05\/header-neu4.jpg 1766w, https:\/\/psypraxis.org\/wp-content\/uploads\/2023\/05\/header-neu4-300x115.jpg 300w, https:\/\/psypraxis.org\/wp-content\/uploads\/2023\/05\/header-neu4-1024x391.jpg 1024w\" data-aspect=\"2.6162962962963\" \/><\/div>\n\t\t<\/figure>\n\t<\/div>\n<\/div><\/div><\/div><\/div><\/div><div class=\"vc_row wpb_row vc_inner vc_row-fluid liquid-row-shadowbox-69eda110c24f4\"><div class=\"wpb_column vc_column_container vc_col-sm-12 liquid-column-69eda110c2694\"><div class=\"vc_column-inner\"><div class=\"wpb_wrapper \"  ><div class=\"wpb_wrapper-inner\">\n\t<div  class=\"wpb_single_image wpb_content_element vc_align_center  liquid_vc_single_image-69eda110d1955\">\n\t\t\n\t\t<figure class=\"wpb_wrapper vc_figure\">\n\t\t\t<div class=\"vc_single_image-wrapper   vc_box_border_grey\"><img decoding=\"async\" width=\"1766\" height=\"675\" src=\"data:image\/svg+xml;charset=utf-8,&lt;svg xmlns%3D&#039;http%3A%2F%2Fwww.w3.org%2F2000%2Fsvg&#039; viewBox%3D&#039;0 0 1766 675&#039;%2F&gt;\" class=\"vc_single_image-img attachment-full ld-lazyload\" alt=\"\" title=\"header-neu\" srcset=\"\" sizes=\"(max-width: 1766px) 100vw, 1766px\" loading=\"eager\" data-src=\"https:\/\/psypraxis.org\/wp-content\/uploads\/2023\/05\/header-neu.jpg\" data-srcset=\"https:\/\/psypraxis.org\/wp-content\/uploads\/2023\/05\/header-neu.jpg 1766w, https:\/\/psypraxis.org\/wp-content\/uploads\/2023\/05\/header-neu-300x115.jpg 300w, https:\/\/psypraxis.org\/wp-content\/uploads\/2023\/05\/header-neu-1024x391.jpg 1024w\" data-aspect=\"2.6162962962963\" \/><\/div>\n\t\t<\/figure>\n\t<\/div>\n<\/div><\/div><\/div><\/div><\/div><\/div><\/div><\/div><\/div><\/div><\/div><\/div><\/section><\/div>[\/vc_column][\/vc_row][vc_row][vc_column]<style>.ld_spacer_69eda110d1c12{height:70px;}<\/style>\n<div class=\"ld-empty-space ld_spacer_69eda110d1c12\"><span class=\"liquid_empty_space_inner\"><\/span><\/div>[vc_column_text]<\/p>\n<h1>Mag. Dr. Daniela Renn<\/h1>\n<p>[\/vc_column_text]<style>.ld_spacer_69eda110d1d39{height:70px;}<\/style>\n<div class=\"ld-empty-space ld_spacer_69eda110d1d39\"><span class=\"liquid_empty_space_inner\"><\/span><\/div>[\/vc_column][\/vc_row][vc_row gap=&#8221;25&#8243;][vc_column width=&#8221;1\/2&#8243; css=&#8221;.vc_custom_1679916299519{margin-bottom: 20px !important;}&#8221;][vc_column_text]Clinical psychologist, health psychologist, elective diagnostic psychologist, sexual psychologist and sex therapist, hypnotherapist, brainspotting, therapist, expert, B\u00d6P-certified occupational psychologist and organizational psychologist environmental psychologist.<\/p>\n<p><span style=\"font-weight: 500 !important;\">Main focus<\/span><\/p>\n<p>Diagnostics, clinical-psychological treatments, personality disorders, affective disorders especially depression, hypnosis according to Milton Erickson, sex counseling and sex therapy, supervision.[\/vc_column_text][\/vc_column][vc_column width=&#8221;1\/2&#8243;][vc_single_image image=&#8221;409&#8243; img_size=&#8221;full&#8221; alignment=&#8221;right&#8221;][\/vc_column][\/vc_row][vc_row][vc_column]<style>.ld_spacer_69eda110d1db0{height:70px;}<\/style>\n<div class=\"ld-empty-space ld_spacer_69eda110d1db0\"><span class=\"liquid_empty_space_inner\"><\/span><\/div>[\/vc_column][\/vc_row][vc_row][vc_column][vc_tta_accordion section_title_tag=&#8221;p&#8221; style=&#8221;flat&#8221; shape=&#8221;square&#8221; spacing=&#8221;25&#8243; gap=&#8221;25&#8243; c_icon=&#8221;chevron&#8221; c_position=&#8221;right&#8221; active_section=&#8221;1&#8243; no_fill=&#8221;true&#8221;][vc_tta_section title=&#8221;Current activities&#8221; tab_id=&#8221;1679908530027-4a356be3-9e43&#8243;][vc_column_text css=&#8221;.vc_custom_1679908872742{margin-left: 20px !important;}&#8221;]<\/p>\n<ul style=\"list-style-position: outside;\">\n<li>freelance work as clinical and health psychologist, sex psychologist and sex therapist, hypnotherapist, supervisor, occupational psychologist, expert witness<\/li>\n<li>Clinical-psychological and health-psychological consultation, treatment, supervision and work-psychological activity for employees and students of the GuKPS in the district hospital Schwaz<\/li>\n<li>Head of the <span style=\"color: #8bab69;\"><a style=\"color: #8bab69;\" href=\"http:\/\/www.boep.or.at\/\" target=\"_blank\" rel=\"noopener noreferrer\">Professional Association of Austrian Psychologists<\/a> \/ <a style=\"color: #8bab69;\" href=\"http:\/\/www.boep.or.at\/tirol\" target=\"_blank\" rel=\"noopener noreferrer\">Tyrol Regional Group<\/a><\/span><\/li>\n<li>President of the Association &#8220;Clinical-Psychological Treatment Tyrol<\/li>\n<li>Member of the management team of the <span style=\"color: #8bab69;\"><br \/>\n  <a style=\"color: #8bab69;\" href=\"https:\/\/www.boep.or.at\/berufsverband\/fachsektionen\/umweltpsychologie\" target=\"_blank\" rel=\"noreferrer noopener\">Section Environmental Psychology in the Professional Association of Austrian Psychologists<\/a><br \/>\n<\/span><\/li>\n<li>Lecturer at the Austrian Academy of Psychology &#8211; <span style=\"color: #8bab69;\"><br \/>\n  <a style=\"color: #8bab69;\" href=\"http:\/\/www.boep.or.at\/OEsterreichische-Akademie.123.0.html\">\u00d6AP <\/a><br \/>\n<\/span>(Austria-wide)<\/li>\n<li>Member of the Quality Circle Sexual Medicine of the Tyrolean Medical Association in Innsbruck<\/li>\n<li>Member of the working group of the Professional Association of Austrian Psychologists for Bariatric Diagnostics; preparation of guidelines for psychological diagnostics before surgery<\/li>\n<li>Member of the Transgender and Transsexuality Working Group at the Federal Ministry of Health<\/li>\n<li>Member of the working group for the preparation of psychological &#8220;Guidelines according to \u00c4sth-OpG for Clinical Psychologists&#8221; (B\u00d6P)<\/li>\n<li>Member of the working group for the preparation of psychological &#8220;guidelines before bariatric surgery&#8221; (B\u00d6P)<\/li>\n<li>psychological work for the Independent Victim Protection Advocate &#8211; an initiative against abuse and violence<\/li>\n<li>Crisis interventions (clinical-psychological treatment) within the framework of the <span style=\"color: #8bab69;\"><br \/>\n  <a style=\"color: #8bab69;\" href=\"http:\/\/www.bundessozialamt.gv.at\/basb\/Renten_&amp;_Entschaedigungen\/Verbrechens%3C-wbr%3Eopfer\" target=\"_blank\" rel=\"noopener noreferrer\">Crime Victims Act<\/a><br \/>\n<\/span><\/li>\n<li>Seminars offer<\/li>\n<li>Author of scientific articles<\/li>\n<\/ul>\n<p>[\/vc_column_text][\/vc_tta_section][vc_tta_section title=&#8221;postgraduate training&#8221; tab_id=&#8221;1679908530037-22a22b07-564b&#8221;][vc_column_text css=&#8221;.vc_custom_1679908888780{margin-left: 20px !important;}&#8221;]<\/p>\n<ul style=\"list-style-position: outside;\">\n<li>Brainspotting (Phase 1, Phase 2, <span style=\"color: #8bab69;\"><br \/>\n  <a style=\"color: #8bab69;\" href=\"https:\/\/brainspotting.com\/directory\/name\/daniela-renn\/\" target=\"_blank\" rel=\"noopener noreferrer\">BTi certified<\/a><br \/>\n<\/span>), <span style=\"color: #8bab69;\"><br \/>\n  <a style=\"color: #8bab69;\" href=\"https:\/\/www.brainspottingaustria.com\/therapeutinnen-finden\" target=\"_blank\" rel=\"noopener noreferrer\">Brainspotting Austria<\/a><br \/>\n<\/span><\/li>\n<li>Registration as B\u00d6P-certified work and organizational psychologist<\/li>\n<li>Certificate Course Lebensfeuer\u00ae Professional (Heart Rate Variability Training)<\/li>\n<li>Certificate course | Specialized further training as a court expert in the field of child, youth and family psychology, \u00d6AP, Salzburg<\/li>\n<li>Certification for ODARA (Ontario Domestic Assault Risk Assessment) and SARA (Sousal Assault Risk Assessment Guide), Institute for Violence Research and Prevention, Vienna.<\/li>\n<li>Advanced training for clinical-psychological clarification of mental disorders according to \u00a75 para. 2 and \u00a77 par. 2\u00c4sthOpG, B\u00d6P, Vienna<\/li>\n<li>Basic Seminar Rorschach Diagnostics, Austrian Rorschach Society, Vienna<\/li>\n<li>Seminar Testimonial Psychology &#8211; Credibility Assessment, Professional Association of Austrian Psychologists \/ B\u00d6P, Vienna<\/li>\n<li><span style=\"color: #8bab69;\"><br \/>\n  <a style=\"color: #8bab69;\" href=\"http:\/\/www.europsy-efpa.eu\/search\" target=\"_blank\" rel=\"noopener noreferrer\">EuroPsy &#8211; Diploma<\/a><br \/>\n<\/span>, Vienna<\/li>\n<li>Clinical Hypnosis, Milton Erickson Institute, Innsbruck<\/li>\n<li>Sex therapy, AVM, Salzburg<\/li>\n<li>Psychotherapeutic Propaedeutic Course, Institute for Communication in Professional Life and Psychotherapy, Innsbruck<\/li>\n<li>Clinical and Health Psychology, Austrian Academy of Psychology, Innsbruck<\/li>\n<li>practical-clinical training, University Clinic for Medical Psychology and Psychotherapy, Innsbruck<\/li>\n<\/ul>\n<p>[\/vc_column_text][\/vc_tta_section][vc_tta_section title=&#8221;Education&#8221; tab_id=&#8221;1679908894564-97e52266-4aec&#8221;][vc_column_text css=&#8221;.vc_custom_1679908929573{margin-left: 20px !important;}&#8221;]<\/p>\n<ul style=\"list-style-position: outside;\">\n<li>Doctor of Natural Sciences (Psychology) at the Leopold-Franzens University in Innsbruck<\/li>\n<li>Master&#8217;s degree in natural sciences (psychology) at the Leopold-Franzens University in Innsbruck<\/li>\n<li>Completion of the school-leaving examination at the secondary school for economics of the Ursulines in Innsbruck<\/li>\n<\/ul>\n<p>[\/vc_column_text][\/vc_tta_section][vc_tta_section title=&#8221;Previous activities in the psychological field&#8221; tab_id=&#8221;1679908936472-8dfeab78-263c&#8221;][vc_column_text css=&#8221;.vc_custom_1679908993883{margin-left: 20px !important;}&#8221;]<\/p>\n<ul style=\"list-style-position: outside;\">\n<li>Association START in Innsbruck<\/li>\n<li>Clinical psychologist and health psychologist at the University Clinic for Medical Psychology and Psychotherapy in Innsbruck<\/li>\n<li>Research assistant in the project &#8220;Validation of the German version of the questionnaire for the assessment of personality disorders according to DSM-IV (ADP-IV)&#8221; at the University Clinic for Medical Psychology and Psychotherapy in Innsbruck<\/li>\n<li>Research activity in the field of personality disorders and quality of life.<\/li>\n<li>Clinical Psychologist and Health Psychologist for the Health Psychological Counseling and Coordination Office of the Province of Tyrol\/District of Schwaz<\/li>\n<li>Lecturer at the Training Center West for Health Professions (AZW) in Innsbruck<\/li>\n<li>Foundation and management of the working group &#8220;clinical-psychological treatment&#8221; of B\u00d6P-Tyrol<\/li>\n<li>Occupational and clinical psychology activity for the project <span style=\"color: #8bab69;\"><br \/>\n  <a style=\"color: #8bab69;\" href=\"http:\/\/www.fit2work.at\/\">Fit2Work<\/a><br \/>\n<\/span><\/li>\n<li>Conception and management of the <span style=\"color: #8bab69;\"><br \/>\n  <a style=\"color: #8bab69;\" href=\"http:\/\/www.boep.or.at\/index.php?id=125&amp;type=0&amp;juSecure=1&amp;locationData=125%3Atx_dam%3A2755&amp;juHash=86f4f37e40d6dab49694e72d1c35585dfc470377\" target=\"_blank\" rel=\"noopener noreferrer\">Curriculum psychological sexual treatment and sexual therapy<\/a><br \/>\n<\/span> (\u00d6AP)<\/li>\n<li>Lecturer at Psicoterapia Cognitiva e Ricerca in Bolzano \/ Italy (Training Institute for Cognitive Behavioral Therapy)<\/li>\n<li>Member of the project group &#8220;age psychotherapy&#8221; in Innsbruck<\/li>\n<li>Member of the Board of the Professional Association of Austrian Psychologists<\/li>\n<li>Scientific collaboration in the project &#8220;Health counseling for patients with cardiovascular diseases&#8221; (Medical University of Innsbruck)<\/li>\n<li>Research associate in the research project WELL-MED (well-being and health of medical professionals) of the Medical University of Innsbruck and the Leopold-Franzens-University of Innsbruck<\/li>\n<li>Generally sworn and judicially certified experts of Austria<\/li>\n<li>Voluntary work: Corona &#8211; Worry &#8211; Hotline of the Province of Tyrol<\/li>\n<li>Collaboration on the ICD-11 (Mental and Behavioural Disorders) of the WHO<\/li>\n<\/ul>\n<p>[\/vc_column_text][\/vc_tta_section][vc_tta_section title=&#8221;Scientific publications&#8221; tab_id=&#8221;1679908999059-5d8f7c8c-2345&#8243;][vc_column_text css=&#8221;.vc_custom_1684825960632{margin-left: 20px !important;}&#8221;]<\/p>\n<ul style=\"list-style-position: outside;\">\n<li>H\u00f6fer S, Hausler M, Huber A, Strecker C, Renn D, H\u00f6ge T (2019): <a href=\"https:\/\/doi.org\/10.1007\/s11482-018-9696-y\" target=\"_blank\" rel=\"noopener\">Psychometric Characteristics of the German Values in Action Inventory of Strengths 120-item Short Form, Applied Research in Quality of Life.<\/a><\/li>\n<li>Platter M, Hofer M, H\u00f6lzl C, Huber A, Renn D, Webb D, H\u00f6fer S (2016): <a href=\"http:\/\/link.springer.com\/article\/10.1007\/s00508-016-0968-y\" target=\"_blank\" rel=\"noopener\">Supporting cardiac patient physical activity: a brief health psychological intervention, Wiener Klinische Wochenschrift, 1-7.<\/a><\/li>\n<li>Platter M, Huber A, H\u00f6lzl M, Hofer M, Renn D, H\u00f6fer S (2014): How to overcome the inner pig: Closing the intention-behavior gap in cardiology, Psychology in Austria, 2\/3, 176-183.<\/li>\n<li>Kumnig M, H\u00f6fer S, Huber A, Messner C, Renn D, Mestel R, Klingelh\u00f6fer J, Kopp M, Doering S, Sch\u00fc\u00dfler G and Rumpold G (2013): Patterns of dysfunctional parenting styles and mental disorders in adulthood: parenting styles and their influence on the development of mental disorders, Journal of Psychosomatic Medicine and Psychotherapy, 4, 356-368.<\/li>\n<li>H\u00f6fer S, Pfaffenberger N, Renn D, Platter M, Ring L (2011): Coronary Intervention Improves Disease Specific Health-Related Quality of Life but Not Individualised Quality of Life: A Potential Response Shift Effect? Applied Research in Quality of Life, 6 (1), 81-90.<\/li>\n<li>Barbist MT, Renn D, Noisternig B, Rumpold G, H\u00f6fer S (2008): <a href=\"http:\/\/www.hqlo.com\/content\/6\/1\/111\" target=\"_blank\" rel=\"noopener\">How do medical students value health on the EQ-5D: evaluation of hypothetical health states compared to the general population, Health and Quality of Life Outcomes, 6:111<\/a> (11 December 2008).<\/li>\n<li>Renn D, H\u00f6fer S, Sch\u00fc\u00dfler G, Rumpold G, Smrekar U, Janecke N, Doering S (2008): Dimensional diagnostics with the questionnaire for the assessment of DSM-IV personality disorders (ADP-IV), Journal of Psychosomatic Medicine and Psychotherapy, 54, 214-226.<\/li>\n<li>Renn D, Pfaffenberger N, Platter M, Mitmansgruber H, Cummins B, H\u00f6fer S (2008): <a href=\"http:\/\/www.springerlink.com\/content\/t2n752276h542l2v\/\" target=\"_blank\" rel=\"noopener\">International Well-being Index: the Austrian Version, Social Indicators Research : (DOI:10.1007\/s11205-008-9255-2).<\/a><\/li>\n<li>Doering S, Renn D, H\u00f6fer S, Rumpold G, Smrekar U, Janecke N, Schatz DS, Schotte C, DeDoncker D, Sch\u00fc\u00dfler G (2007): Validation of the German version of the questionnaire for the assessment of DSM-IV personality disorders (ADP-IV), Journal of Psychosomatic Medicine and Psychotherapy, 53, 111-128.<\/li>\n<li>Renn D (2006): Questionnaire for the assessment of personality disorders: ADP-IV, Dissertation, University of Innsbruck.<\/li>\n<li>Renn D, Emshoff R, H\u00f6fer S, Doering S (2004): Psychopathology in patients with temporomandibular disorders, Psychological Medicine (1\/2004), Facultas Universit\u00e4tsverlag.<\/li>\n<li>Renn D (2002): Psychopathological changes in patients with temporomandibular disorders (TMS), Diploma thesis, University of Innsbruck.<\/li>\n<\/ul>\n<p>[\/vc_column_text][\/vc_tta_section][vc_tta_section title=&#8221;Poster&#8221; tab_id=&#8221;1679909088252-4e227c08-18b1&#8243;][vc_column_text css=&#8221;.vc_custom_1679909116867{margin-left: 20px !important;}&#8221;]<\/p>\n<ul style=\"list-style-position: outside;\">\n<li>Bridging the intention-behaviour gap: life-style modification at the cardiology ward; H\u00f6fer S, Platter M, H\u00f6lzl C, Hofer M, Renn D, Europrevent 2011, Geneva, Switzerland (2011).<\/li>\n<li>Bridging the intention-behaviour gap: life-style modification at the cardiology ward; Platter M, H\u00f6lzl C, Hofer M, Renn D, H\u00f6fer S, XXVIII European Conference on Psychosomatic Research (ECPR), Innsbruck, Austria (2010).<\/li>\n<li>Relationship of Psychological and Subjective Well-being with Individual Quality of Life; H\u00f6fer S, Pfaffenberger N, Platter M, Renn D, Mitmansgruber H, World Congress on Positive Psychology, Philadelphia, Pennsylvania, USA (2009).<\/li>\n<li>Response-shift in heart disease: comparing individualized vs. disease-specific HRQL instruments; H\u00f6fer S, Pfaffenberger N, Renn D, Platter M, ISPOR 10th Annual European Congress, Dublin, Ireland (2007).<\/li>\n<\/ul>\n<p>[\/vc_column_text][\/vc_tta_section][vc_tta_section title=&#8221;more publications, interviews&#8221; tab_id=&#8221;1679909121352-ad06b468-719f&#8221;][vc_column_text]Forum Gesundheit der Ober\u00f6sterreichische Gebietskrankenkasse, Kurier, Maxima, Miss Magazin, News, Ober\u00f6sterreichische Nachrichten, die Presse, Rundschau, der Standard, Tiroler Tageszeitung, Wiener.<\/p>\n<p>On the following topics: Sexuality, Communication, Mental Health, Quality of Life, and Psychology in General.[\/vc_column_text][\/vc_tta_section][vc_tta_section title=&#8221;Memberships&#8221; tab_id=&#8221;1679909143912-e0fb17de-3f43&#8243;][vc_column_text]Full member of the Professional Association of Austrian Psychologists (B\u00d6P)[\/vc_column_text][\/vc_tta_section][\/vc_tta_accordion][\/vc_column][\/vc_row][vc_row][vc_column]<style>.ld_spacer_69eda110d1e0f{height:100px;}<\/style>\n<div class=\"ld-empty-space ld_spacer_69eda110d1e0f\"><span class=\"liquid_empty_space_inner\"><\/span><\/div>[\/vc_column][\/vc_row]<\/p>\n<\/section>","protected":false},"excerpt":{"rendered":"Mag. Dr. Daniela Renn Clinical psychologist, health psychologist, elective diagnostic psychologist, sexual psychologist and sex...","protected":false},"author":1,"featured_media":0,"parent":0,"menu_order":0,"comment_status":"closed","ping_status":"closed","template":"","meta":{"inline_featured_image":false,"footnotes":""},"class_list":["post-357","page","type-page","status-publish","hentry"],"_links":{"self":[{"href":"https:\/\/psypraxis.org\/en\/wp-json\/wp\/v2\/pages\/357","targetHints":{"allow":["GET"]}}],"collection":[{"href":"https:\/\/psypraxis.org\/en\/wp-json\/wp\/v2\/pages"}],"about":[{"href":"https:\/\/psypraxis.org\/en\/wp-json\/wp\/v2\/types\/page"}],"author":[{"embeddable":true,"href":"https:\/\/psypraxis.org\/en\/wp-json\/wp\/v2\/users\/1"}],"replies":[{"embeddable":true,"href":"https:\/\/psypraxis.org\/en\/wp-json\/wp\/v2\/comments?post=357"}],"version-history":[{"count":8,"href":"https:\/\/psypraxis.org\/en\/wp-json\/wp\/v2\/pages\/357\/revisions"}],"predecessor-version":[{"id":419,"href":"https:\/\/psypraxis.org\/en\/wp-json\/wp\/v2\/pages\/357\/revisions\/419"}],"wp:attachment":[{"href":"https:\/\/psypraxis.org\/en\/wp-json\/wp\/v2\/media?parent=357"}],"curies":[{"name":"wp","href":"https:\/\/api.w.org\/{rel}","templated":true}]}}